{"id":956,"date":"2020-08-10T10:08:31","date_gmt":"2020-08-10T10:08:31","guid":{"rendered":"http:\/\/127.0.0.1\/floret\/?page_id=956"},"modified":"2026-04-24T18:55:09","modified_gmt":"2026-04-24T16:55:09","slug":"poptavka-akce","status":"publish","type":"page","link":"https:\/\/floret.cz\/en\/poptavka-akce\/","title":{"rendered":"Popt\u00e1vka akce"},"content":{"rendered":"<div data-elementor-type=\"wp-page\" data-elementor-id=\"956\" class=\"elementor elementor-956\">\n\t\t\t\t\t\t<section class=\"elementor-section elementor-top-section elementor-element elementor-element-fc97768 elementor-section-content-middle elementor-section-boxed elementor-section-height-default elementor-section-height-default\" data-id=\"fc97768\" data-element_type=\"section\" data-e-type=\"section\">\n\t\t\t\t\t\t<div class=\"elementor-container elementor-column-gap-default\">\n\t\t\t\t\t<div class=\"elementor-column elementor-col-100 elementor-top-column elementor-element elementor-element-5ea8732\" data-id=\"5ea8732\" data-element_type=\"column\" data-e-type=\"column\">\n\t\t\t<div class=\"elementor-widget-wrap elementor-element-populated\">\n\t\t\t\t\t\t<div class=\"elementor-element elementor-element-902a6fc heading1 elementor-widget elementor-widget-heading\" data-id=\"902a6fc\" data-element_type=\"widget\" data-e-type=\"widget\" data-widget_type=\"heading.default\">\n\t\t\t\t<div class=\"elementor-widget-container\">\n\t\t\t\t\t<h1 class=\"elementor-heading-title elementor-size-default\">Popt\u00e1vka pron\u00e1jmu prostor<\/h1>\t\t\t\t<\/div>\n\t\t\t\t<\/div>\n\t\t\t\t<div class=\"elementor-element elementor-element-9fd4f73 elementor-widget-divider--view-line elementor-widget elementor-widget-divider\" data-id=\"9fd4f73\" data-element_type=\"widget\" data-e-type=\"widget\" data-widget_type=\"divider.default\">\n\t\t\t\t<div class=\"elementor-widget-container\">\n\t\t\t\t\t\t\t<div class=\"elementor-divider\">\n\t\t\t<span class=\"elementor-divider-separator\">\n\t\t\t\t\t\t<\/span>\n\t\t<\/div>\n\t\t\t\t\t\t<\/div>\n\t\t\t\t<\/div>\n\t\t\t\t<div class=\"elementor-element elementor-element-f5c07dc elementor-widget elementor-widget-spacer\" data-id=\"f5c07dc\" data-element_type=\"widget\" data-e-type=\"widget\" data-widget_type=\"spacer.default\">\n\t\t\t\t<div class=\"elementor-widget-container\">\n\t\t\t\t\t\t\t<div class=\"elementor-spacer\">\n\t\t\t<div class=\"elementor-spacer-inner\"><\/div>\n\t\t<\/div>\n\t\t\t\t\t\t<\/div>\n\t\t\t\t<\/div>\n\t\t\t\t<div class=\"elementor-element elementor-element-1cab9de elementor-widget__width-initial elementor-widget elementor-widget-text-editor\" data-id=\"1cab9de\" data-element_type=\"widget\" data-e-type=\"widget\" data-widget_type=\"text-editor.default\">\n\t\t\t\t<div class=\"elementor-widget-container\">\n\t\t\t\t\t\t\t\t\t<p>Hled\u00e1te m\u00edsto pro firemn\u00ed akci, konferenci, workshop nebo t\u0159eba spole\u010denskou ud\u00e1lost?<\/p><p>Kontaktujte n\u00e1s prost\u0159ednictv\u00edm formul\u00e1\u0159e n\u00ed\u017ee. Ozveme se V\u00e1m\u00a0 zp\u011bt pro potvrzen\u00ed a dopln\u011bn\u00ed informac\u00ed, abychom V\u00e1m p\u0159ipravili nab\u00eddku na m\u00edru. M\u016f\u017eete n\u00e1m tak\u00e9 zavolat na \u010d\u00edslo <b>(+420) 731 438 400<\/b> nebo poslat e-mail s informacemi o va\u0161\u00ed akci na\u00a0 e-mail\u00a0<strong>kcp@floret.cz<\/strong>.<\/p><p>T\u011b\u0161\u00edme se na V\u00e1s!<\/p>\t\t\t\t\t\t\t\t<\/div>\n\t\t\t\t<\/div>\n\t\t\t\t\t<\/div>\n\t\t<\/div>\n\t\t\t\t\t<\/div>\n\t\t<\/section>\n\t\t\t\t<section class=\"elementor-section elementor-top-section elementor-element elementor-element-cfdca24 elementor-section-stretched elementor-section-boxed elementor-section-height-default elementor-section-height-default\" data-id=\"cfdca24\" data-element_type=\"section\" data-e-type=\"section\" data-settings=\"{&quot;stretch_section&quot;:&quot;section-stretched&quot;,&quot;background_background&quot;:&quot;classic&quot;}\">\n\t\t\t\t\t\t<div class=\"elementor-container elementor-column-gap-default\">\n\t\t\t\t\t<div class=\"elementor-column elementor-col-100 elementor-top-column elementor-element elementor-element-f03a80c\" data-id=\"f03a80c\" data-element_type=\"column\" data-e-type=\"column\">\n\t\t\t<div class=\"elementor-widget-wrap elementor-element-populated\">\n\t\t\t\t\t\t<div class=\"elementor-element elementor-element-70eb2b9 elementor-widget elementor-widget-shortcode\" data-id=\"70eb2b9\" data-element_type=\"widget\" data-e-type=\"widget\" data-widget_type=\"shortcode.default\">\n\t\t\t\t<div class=\"elementor-widget-container\">\n\t\t\t\t\t\t\t<div class=\"elementor-shortcode\">\n<div class=\"wpcf7 no-js\" id=\"wpcf7-f955-o1\" lang=\"cs-CZ\" dir=\"ltr\" data-wpcf7-id=\"955\">\n<div class=\"screen-reader-response\"><p role=\"status\" aria-live=\"polite\" aria-atomic=\"true\"><\/p> <ul><\/ul><\/div>\n<form action=\"\/en\/wp-json\/wp\/v2\/pages\/956#wpcf7-f955-o1\" method=\"post\" class=\"wpcf7-form init\" aria-label=\"Kontaktn\u00ed formul\u00e1\u0159\" novalidate=\"novalidate\" data-status=\"init\" data-trp-original-action=\"\/en\/wp-json\/wp\/v2\/pages\/956#wpcf7-f955-o1\">\n<fieldset class=\"hidden-fields-container\"><input type=\"hidden\" name=\"_wpcf7\" value=\"955\" \/><input type=\"hidden\" name=\"_wpcf7_version\" value=\"6.1.5\" \/><input type=\"hidden\" name=\"_wpcf7_locale\" value=\"cs_CZ\" \/><input type=\"hidden\" name=\"_wpcf7_unit_tag\" value=\"wpcf7-f955-o1\" \/><input type=\"hidden\" name=\"_wpcf7_container_post\" value=\"0\" \/><input type=\"hidden\" name=\"_wpcf7_posted_data_hash\" value=\"\" \/><input type=\"hidden\" name=\"_wpcf7_recaptcha_response\" value=\"\" \/>\n<\/fieldset>\n<div class=\"container formPoptavka\">\n\t<div class=\"row formSekce\">\n\t\t<h2> Z\u00e1kladn\u00ed informace o akci:\n\t\t<\/h2>\n\t\t<p><label>Datum kon\u00e1n\u00ed (povinn\u00e9):<br \/>\nod: <span class=\"wpcf7-form-control-wrap\" data-name=\"date-start\"><input class=\"wpcf7-form-control wpcf7-date wpcf7-validates-as-required wpcf7-validates-as-date formDate\" min=\"2026-04-28\" aria-required=\"true\" aria-invalid=\"false\" value=\"\" type=\"date\" name=\"date-start\" \/><\/span><\/label><br \/>\n<label><br \/>\ndo: <span class=\"wpcf7-form-control-wrap\" data-name=\"date-end\"><input class=\"wpcf7-form-control wpcf7-date wpcf7-validates-as-required wpcf7-validates-as-date formDate\" min=\"2026-04-28\" aria-required=\"true\" aria-invalid=\"false\" value=\"\" type=\"date\" name=\"date-end\" \/><\/span><\/label><br \/>\n<label>Po\u010det hodin:<br \/>\n<span class=\"wpcf7-form-control-wrap\" data-name=\"pocet-hodin\"><input size=\"40\" maxlength=\"400\" class=\"wpcf7-form-control wpcf7-text\" aria-invalid=\"false\" placeholder=\"Celkem + rozepsat za ka\u017ed\u00fd den za\u010d\u00e1tek-konec.\" value=\"\" type=\"text\" name=\"pocet-hodin\" \/><\/span> <\/label><br \/>\n<label>Typ akce:<br \/>\n<span class=\"wpcf7-form-control-wrap\" data-name=\"event-type\"><input size=\"40\" maxlength=\"400\" class=\"wpcf7-form-control wpcf7-text\" aria-invalid=\"false\" placeholder=\"konference, svatba, \u0161kolen\u00ed aj.\" value=\"\" type=\"text\" name=\"event-type\" \/><\/span> <\/label><br \/>\n<label>Po\u010det host\u016f (povinn\u00e9):<br \/>\n<span class=\"wpcf7-form-control-wrap\" data-name=\"guest-number\"><input size=\"40\" maxlength=\"400\" class=\"wpcf7-form-control wpcf7-text wpcf7-validates-as-required\" aria-required=\"true\" aria-invalid=\"false\" placeholder=\"P\u0159edpokl\u00e1dan\u00fd po\u010det \u00fa\u010dastn\u00edk\u016f akce\" value=\"\" type=\"text\" name=\"guest-number\" \/><\/span> <\/label><br \/>\n<label>Orienta\u010dn\u00ed rozpo\u010det:<br \/>\n<span class=\"wpcf7-form-control-wrap\" data-name=\"budget\"><input size=\"40\" maxlength=\"400\" class=\"wpcf7-form-control wpcf7-text\" aria-invalid=\"false\" placeholder=\"Uve\u010fte, jak\u00fd rozpo\u010det m\u00e1te vyhrazen\u00fd pro akci.\" value=\"\" type=\"text\" name=\"budget\" \/><\/span> <\/label><br \/>\n<label>Typ platby:<br \/>\n<span class=\"wpcf7-form-control-wrap\" data-name=\"payment-type\"><select class=\"wpcf7-form-control wpcf7-select wpcf7-validates-as-required formSelect\" aria-required=\"true\" aria-invalid=\"false\" name=\"payment-type\"><option value=\"na fakturu\">na fakturu<\/option><option value=\"kartou\">kartou<\/option><option value=\"v hotovosti\">v hotovosti<\/option><\/select><\/span> <\/label><br \/>\n<label>Dopl\u0148uj\u00edc\u00ed informace:<br \/>\n<span class=\"wpcf7-form-control-wrap\" data-name=\"requirements-box\"><textarea cols=\"40\" rows=\"10\" maxlength=\"2000\" class=\"wpcf7-form-control wpcf7-textarea\" aria-invalid=\"false\" placeholder=\"Zde m\u00e1te prostor pro detailn\u011bj\u0161\u00ed popis Va\u0161\u00ed akce, Va\u0161e p\u0159edstavy a po\u017eadavky.\" name=\"requirements-box\"><\/textarea><\/span> <\/label>\n\t\t<\/p>\n\t<\/div>\n\t<div class=\"row\">\n\t\t<h2>Prostory, o kter\u00e9 m\u00e1m z\u00e1jem, a jejich konferen\u010dn\u00ed uspo\u0159\u00e1d\u00e1n\u00ed:\n\t\t<\/h2>\n\t\t<div class=\"col-md-4\">\n\t\t\t<h3>S\u00c1LY:\n\t\t\t<\/h3>\n\t\t\t<p><span class=\"wpcf7-form-control-wrap\" data-name=\"velky-sal\"><span class=\"wpcf7-form-control wpcf7-checkbox formcheckbox\"><span class=\"wpcf7-list-item first last\"><input type=\"checkbox\" name=\"velky-sal[]\" value=\"Velk\u00fd s\u00e1l (max. 350 m\u00edst*)\" \/><span class=\"wpcf7-list-item-label\">Velk\u00fd s\u00e1l (max. 350 m\u00edst*)<\/span><\/span><\/span><\/span><br \/>\n<span class=\"wpcf7-form-control-wrap\" data-name=\"maly-sal\"><span class=\"wpcf7-form-control wpcf7-checkbox formcheckbox\"><span class=\"wpcf7-list-item first last\"><input type=\"checkbox\" name=\"maly-sal[]\" value=\"Mal\u00fd s\u00e1l (max. 90 m\u00edst*)\" \/><span class=\"wpcf7-list-item-label\">Mal\u00fd s\u00e1l (max. 90 m\u00edst*)<\/span><\/span><\/span><\/span>\n\t\t\t<\/p>\n\t\t<\/div>\n\t\t<div class=\"col-md-4\">\n\t\t\t<h3>U\u010cEBNY:\n\t\t\t<\/h3>\n\t\t\t<p><span class=\"wpcf7-form-control-wrap\" data-name=\"ucebna-podrkrovi1\"><span class=\"wpcf7-form-control wpcf7-checkbox formcheckbox\"><span class=\"wpcf7-list-item first last\"><input type=\"checkbox\" name=\"ucebna-podrkrovi1[]\" value=\"Podkrov\u00ed 1 (max. 50 m\u00edst*)\" \/><span class=\"wpcf7-list-item-label\">Podkrov\u00ed 1 (max. 50 m\u00edst*)<\/span><\/span><\/span><\/span><br \/>\n<span class=\"wpcf7-form-control-wrap\" data-name=\"ucebna-podrkrovi2\"><span class=\"wpcf7-form-control wpcf7-checkbox formcheckbox\"><span class=\"wpcf7-list-item first last\"><input type=\"checkbox\" name=\"ucebna-podrkrovi2[]\" value=\"Podkrov\u00ed 2 (max. 30 m\u00edst*)\" \/><span class=\"wpcf7-list-item-label\">Podkrov\u00ed 2 (max. 30 m\u00edst*)<\/span><\/span><\/span><\/span><br \/>\n<span class=\"wpcf7-form-control-wrap\" data-name=\"ucebna-prizemi1\"><span class=\"wpcf7-form-control wpcf7-checkbox formcheckbox\"><span class=\"wpcf7-list-item first last\"><input type=\"checkbox\" name=\"ucebna-prizemi1[]\" value=\"P\u0159\u00edzem\u00ed 1 (max. 40 m\u00edst*)\" \/><span class=\"wpcf7-list-item-label\">P\u0159\u00edzem\u00ed 1 (max. 40 m\u00edst*)<\/span><\/span><\/span><\/span><br \/>\n<span class=\"wpcf7-form-control-wrap\" data-name=\"ucebna-prizemi2\"><span class=\"wpcf7-form-control wpcf7-checkbox formcheckbox\"><span class=\"wpcf7-list-item first last\"><input type=\"checkbox\" name=\"ucebna-prizemi2[]\" value=\"P\u0159\u00edzem\u00ed 2 (max. 40 m\u00edst*)\" \/><span class=\"wpcf7-list-item-label\">P\u0159\u00edzem\u00ed 2 (max. 40 m\u00edst*)<\/span><\/span><\/span><\/span>\n\t\t\t<\/p>\n\t\t<\/div>\n\t\t<div class=\"col-md-4\">\n\t\t\t<h3>OSTATN\u00cd PROSTORY:\n\t\t\t<\/h3>\n\t\t\t<p><span class=\"wpcf7-form-control-wrap\" data-name=\"venkovni-prostranstvi\"><span class=\"wpcf7-form-control wpcf7-checkbox formcheckbox\"><span class=\"wpcf7-list-item first last\"><input type=\"checkbox\" name=\"venkovni-prostranstvi[]\" value=\"Vnitroblok\" \/><span class=\"wpcf7-list-item-label\">Vnitroblok<\/span><\/span><\/span><\/span>\n\t\t\t<\/p>\n\t\t<\/div>\n\t<\/div>\n\t<div class=\"row doplnujiciInformace\">\n\t\t<p>*Uveden\u00e1 maxim\u00e1ln\u00ed kapacita plat\u00ed pro uspo\u0159\u00e1d\u00e1n\u00ed typu divadlo.<br \/>\n<img decoding=\"async\" src=\"https:\/\/floret.cz\/wp-content\/uploads\/2020\/08\/konferencni-usporadani.png\" style=\"width: 600px; height: auto; margin-top: 30px; margin-bottom: 10px;\" \/>\n\t\t<\/p>\n\t<\/div>\n\t<div class=\"row vnitrniTextarea\">\n\t\t<p><label>Po\u017eadovan\u00e9 konferen\u010dn\u00ed uspo\u0159\u00e1d\u00e1n\u00ed:<br \/>\n<span class=\"wpcf7-form-control-wrap\" data-name=\"typ-usporadani\"><textarea cols=\"40\" rows=\"10\" maxlength=\"2000\" class=\"wpcf7-form-control wpcf7-textarea\" aria-invalid=\"false\" placeholder=\"Vypl\u0148te vybran\u00fd typ uspo\u0159\u00e1d\u00e1n\u00ed dle sch\u00e9matu\" name=\"typ-usporadani\"><\/textarea><\/span><\/label>\n\t\t<\/p>\n\t<\/div>\n\t<div class=\"row formSekce\">\n\t\t<h2>Dopl\u0148kov\u00e9 slu\u017eby, o kter\u00e9 m\u00e1m z\u00e1jem:\n\t\t<\/h2>\n\t\t<div class=\"col-md-4\">\n\t\t\t<p><span class=\"wpcf7-form-control-wrap\" data-name=\"parkovani\"><span class=\"wpcf7-form-control wpcf7-checkbox formcheckbox\"><span class=\"wpcf7-list-item first last\"><input type=\"checkbox\" name=\"parkovani[]\" value=\"Parkov\u00e1n\u00ed\" \/><span class=\"wpcf7-list-item-label\">Parkov\u00e1n\u00ed<\/span><\/span><\/span><\/span><br \/>\n<span class=\"wpcf7-form-control-wrap\" data-name=\"satna-bezobsluhy\"><span class=\"wpcf7-form-control wpcf7-checkbox formcheckbox\"><span class=\"wpcf7-list-item first last\"><input type=\"checkbox\" name=\"satna-bezobsluhy[]\" value=\"\u0160atna bez obsluhy\" \/><span class=\"wpcf7-list-item-label\">\u0160atna bez obsluhy<\/span><\/span><\/span><\/span><br \/>\n<span class=\"wpcf7-form-control-wrap\" data-name=\"satna-sobsluhou\"><span class=\"wpcf7-form-control wpcf7-checkbox formcheckbox\"><span class=\"wpcf7-list-item first last\"><input type=\"checkbox\" name=\"satna-sobsluhou[]\" value=\"\u0160atna s obsluhou\" \/><span class=\"wpcf7-list-item-label\">\u0160atna s obsluhou<\/span><\/span><\/span><\/span>\n\t\t\t<\/p>\n\t\t<\/div>\n\t\t<div class=\"col-md-4\">\n\t\t\t<p><span class=\"wpcf7-form-control-wrap\" data-name=\"organizace-svatby\"><span class=\"wpcf7-form-control wpcf7-checkbox formcheckbox\"><span class=\"wpcf7-list-item first last\"><input type=\"checkbox\" name=\"organizace-svatby[]\" value=\"Organizace svatby\" \/><span class=\"wpcf7-list-item-label\">Organizace svatby<\/span><\/span><\/span><\/span><br \/>\n<span class=\"wpcf7-form-control-wrap\" data-name=\"kvetinova-vyzdoba\"><span class=\"wpcf7-form-control wpcf7-checkbox formcheckbox\"><span class=\"wpcf7-list-item first last\"><input type=\"checkbox\" name=\"kvetinova-vyzdoba[]\" value=\"Kv\u011btinov\u00e1 v\u00fdzdoba\" \/><span class=\"wpcf7-list-item-label\">Kv\u011btinov\u00e1 v\u00fdzdoba<\/span><\/span><\/span><\/span><br \/>\n<span class=\"wpcf7-form-control-wrap\" data-name=\"prohlidky\"><span class=\"wpcf7-form-control wpcf7-checkbox formcheckbox\"><span class=\"wpcf7-list-item first last\"><input type=\"checkbox\" name=\"prohlidky[]\" value=\"Prohl\u00eddky s pr\u016fvodcem\" \/><span class=\"wpcf7-list-item-label\">Prohl\u00eddky s pr\u016fvodcem<\/span><\/span><\/span><\/span>\n\t\t\t<\/p>\n\t\t<\/div>\n\t<\/div>\n\t<div class=\"row vnitrniTextarea\">\n\t\t<p><label>Dopl\u0148uj\u00edc\u00ed informace:<br \/>\n<span class=\"wpcf7-form-control-wrap\" data-name=\"typ-sluzby\"><textarea cols=\"40\" rows=\"10\" maxlength=\"2000\" class=\"wpcf7-form-control wpcf7-textarea\" aria-invalid=\"false\" placeholder=\"Popi\u0161t\u011b detailn\u011bji Va\u0161e po\u017eadavky, nap\u0159. jak\u00e9 kv\u011btiny, po\u010det parkovac\u00edch m\u00edst, ...\" name=\"typ-sluzby\"><\/textarea><\/span> <\/label>\n\t\t<\/p>\n\t<\/div>\n\t<div class=\"row\">\n\t\t<h2>Stravov\u00e1n\u00ed:\n\t\t<\/h2>\n\t\t<div class=\"col-md-4\">\n\t\t\t<h3>Ob\u011bdy:\n\t\t\t<\/h3>\n\t\t\t<p><span class=\"wpcf7-form-control-wrap\" data-name=\"obed-servirovany\"><span class=\"wpcf7-form-control wpcf7-checkbox formcheckbox\"><span class=\"wpcf7-list-item first last\"><input type=\"checkbox\" name=\"obed-servirovany[]\" value=\"Serv\u00edrovan\u00fd ob\u011bd\" \/><span class=\"wpcf7-list-item-label\">Serv\u00edrovan\u00fd ob\u011bd<\/span><\/span><\/span><\/span><br \/>\n<span class=\"wpcf7-form-control-wrap\" data-name=\"obed-raut\"><span class=\"wpcf7-form-control wpcf7-checkbox formcheckbox\"><span class=\"wpcf7-list-item first last\"><input type=\"checkbox\" name=\"obed-raut[]\" value=\"Ob\u011bd formou bufetu\" \/><span class=\"wpcf7-list-item-label\">Ob\u011bd formou bufetu<\/span><\/span><\/span><\/span>\n\t\t\t<\/p>\n\t\t<\/div>\n\t\t<div class=\"col-md-4\">\n\t\t\t<h3>Coffee break:\n\t\t\t<\/h3>\n\t\t\t<p><span class=\"wpcf7-form-control-wrap\" data-name=\"coffee-break-dopo\"><span class=\"wpcf7-form-control wpcf7-checkbox formcheckbox\"><span class=\"wpcf7-list-item first last\"><input type=\"checkbox\" name=\"coffee-break-dopo[]\" value=\"Coffee break dopoledn\u00ed\" \/><span class=\"wpcf7-list-item-label\">Coffee break dopoledn\u00ed<\/span><\/span><\/span><\/span><br \/>\n<span class=\"wpcf7-form-control-wrap\" data-name=\"coffee-break-odpo\"><span class=\"wpcf7-form-control wpcf7-checkbox formcheckbox\"><span class=\"wpcf7-list-item first last\"><input type=\"checkbox\" name=\"coffee-break-odpo[]\" value=\"Coffee break odpoledn\u00ed\" \/><span class=\"wpcf7-list-item-label\">Coffee break odpoledn\u00ed<\/span><\/span><\/span><\/span>\n\t\t\t<\/p>\n\t\t<\/div>\n\t\t<div class=\"col-md-4\">\n\t\t\t<h3>Ve\u010de\u0159e:\n\t\t\t<\/h3>\n\t\t\t<p><span class=\"wpcf7-form-control-wrap\" data-name=\"vecere-servirovany\"><span class=\"wpcf7-form-control wpcf7-checkbox formcheckbox\"><span class=\"wpcf7-list-item first last\"><input type=\"checkbox\" name=\"vecere-servirovany[]\" value=\"Serv\u00edrovan\u00e1 ve\u010de\u0159e\" \/><span class=\"wpcf7-list-item-label\">Serv\u00edrovan\u00e1 ve\u010de\u0159e<\/span><\/span><\/span><\/span><br \/>\n<span class=\"wpcf7-form-control-wrap\" data-name=\"vecere-raut\"><span class=\"wpcf7-form-control wpcf7-checkbox formcheckbox\"><span class=\"wpcf7-list-item first last\"><input type=\"checkbox\" name=\"vecere-raut[]\" value=\"Ve\u010de\u0159e formou bufetu\" \/><span class=\"wpcf7-list-item-label\">Ve\u010de\u0159e formou bufetu<\/span><\/span><\/span><\/span>\n\t\t\t<\/p>\n\t\t<\/div>\n\t<\/div>\n\t<div class=\"row vnitrniTextarea\">\n\t\t<p><label>Dopl\u0148uj\u00edc\u00ed informace:<br \/>\n<span class=\"wpcf7-form-control-wrap\" data-name=\"typ-stravovani\"><textarea cols=\"40\" rows=\"10\" maxlength=\"2000\" class=\"wpcf7-form-control wpcf7-textarea\" aria-invalid=\"false\" placeholder=\"Specifick\u00e1 p\u0159\u00e1n\u00ed, potravinov\u00e9 intolerance\" name=\"typ-stravovani\"><\/textarea><\/span> <\/label>\n\t\t<\/p>\n\t<\/div>\n\t<div class=\"row formSekce\">\n\t\t<h2> Kontaktn\u00ed \u00fadaje:\n\t\t<\/h2>\n\t\t<p><label> Jm\u00e9no a p\u0159\u00edjmen\u00ed (povinn\u00e9):<br \/>\n<span class=\"wpcf7-form-control-wrap\" data-name=\"your-name\"><input size=\"40\" maxlength=\"400\" class=\"wpcf7-form-control wpcf7-text wpcf7-validates-as-required\" aria-required=\"true\" aria-invalid=\"false\" value=\"\" type=\"text\" name=\"your-name\" \/><\/span> <\/label><br \/>\n<label> Firma:<br \/>\n<span class=\"wpcf7-form-control-wrap\" data-name=\"your-company\"><input size=\"40\" maxlength=\"400\" class=\"wpcf7-form-control wpcf7-text\" aria-invalid=\"false\" value=\"\" type=\"text\" name=\"your-company\" \/><\/span> <\/label><br \/>\n<label> E-mail (povinn\u00e9):<br \/>\n<span class=\"wpcf7-form-control-wrap\" data-name=\"your-email\"><input size=\"40\" maxlength=\"400\" class=\"wpcf7-form-control wpcf7-email wpcf7-validates-as-required wpcf7-text wpcf7-validates-as-email\" aria-required=\"true\" aria-invalid=\"false\" value=\"\" type=\"email\" name=\"your-email\" \/><\/span> <\/label>\n\t\t<\/p>\n\t\t<p><label> Telefon (povinn\u00e9):<br \/>\n<span class=\"wpcf7-form-control-wrap\" data-name=\"your-phone-number\"><input size=\"40\" maxlength=\"400\" class=\"wpcf7-form-control wpcf7-tel wpcf7-validates-as-required wpcf7-text wpcf7-validates-as-tel\" aria-required=\"true\" aria-invalid=\"false\" value=\"\" type=\"tel\" name=\"your-phone-number\" \/><\/span> <\/label>\n\t\t<\/p>\n\t<\/div>\n\t<div class=\"row\">\n\t\t<div class=\"col-md-4\">\n\t\t\t<p><input class=\"wpcf7-form-control wpcf7-submit has-spinner formButton\" type=\"submit\" value=\"Odeslat popt\u00e1vku\" \/>\n\t\t\t<\/p>\n\t\t<\/div>\n\t<\/div>\n<\/div><div class=\"wpcf7-response-output\" aria-hidden=\"true\"><\/div>\n<input type=\"hidden\" name=\"trp-form-language\" value=\"en\"\/><\/form>\n<\/div>\n<\/div>\n\t\t\t\t\t\t<\/div>\n\t\t\t\t<\/div>\n\t\t\t\t\t<\/div>\n\t\t<\/div>\n\t\t\t\t\t<\/div>\n\t\t<\/section>\n\t\t\t\t<\/div>","protected":false},"excerpt":{"rendered":"<p>Popt\u00e1vka pron\u00e1jmu prostor Hled\u00e1te m\u00edsto pro firemn\u00ed akci, konferenci, workshop nebo t\u0159eba spole\u010denskou ud\u00e1lost? Kontaktujte n\u00e1s prost\u0159ednictv\u00edm formul\u00e1\u0159e n\u00ed\u017ee. Ozveme [&hellip;]<\/p>\n","protected":false},"author":1,"featured_media":0,"parent":0,"menu_order":0,"comment_status":"closed","ping_status":"closed","template":"page-templates\/page_front-page.php","meta":{"inline_featured_image":false,"footnotes":""},"class_list":["post-956","page","type-page","status-publish","hentry"],"_links":{"self":[{"href":"https:\/\/floret.cz\/en\/wp-json\/wp\/v2\/pages\/956","targetHints":{"allow":["GET"]}}],"collection":[{"href":"https:\/\/floret.cz\/en\/wp-json\/wp\/v2\/pages"}],"about":[{"href":"https:\/\/floret.cz\/en\/wp-json\/wp\/v2\/types\/page"}],"author":[{"embeddable":true,"href":"https:\/\/floret.cz\/en\/wp-json\/wp\/v2\/users\/1"}],"replies":[{"embeddable":true,"href":"https:\/\/floret.cz\/en\/wp-json\/wp\/v2\/comments?post=956"}],"version-history":[{"count":35,"href":"https:\/\/floret.cz\/en\/wp-json\/wp\/v2\/pages\/956\/revisions"}],"predecessor-version":[{"id":3547,"href":"https:\/\/floret.cz\/en\/wp-json\/wp\/v2\/pages\/956\/revisions\/3547"}],"wp:attachment":[{"href":"https:\/\/floret.cz\/en\/wp-json\/wp\/v2\/media?parent=956"}],"curies":[{"name":"wp","href":"https:\/\/api.w.org\/{rel}","templated":true}]}}