{"id":1562,"date":"2020-08-21T10:57:44","date_gmt":"2020-08-21T08:57:44","guid":{"rendered":"http:\/\/127.0.0.1\/floret\/?page_id=1562"},"modified":"2026-04-24T19:43:43","modified_gmt":"2026-04-24T17:43:43","slug":"poptavka-restaurace","status":"publish","type":"page","link":"https:\/\/floret.cz\/en\/poptavka-restaurace\/","title":{"rendered":"Popt\u00e1vka restaurace"},"content":{"rendered":"<div data-elementor-type=\"wp-page\" data-elementor-id=\"1562\" class=\"elementor elementor-1562\">\n\t\t\t\t\t\t<section class=\"elementor-section elementor-top-section elementor-element elementor-element-fc97768 elementor-section-content-middle elementor-section-boxed elementor-section-height-default elementor-section-height-default\" data-id=\"fc97768\" data-element_type=\"section\" data-e-type=\"section\">\n\t\t\t\t\t\t<div class=\"elementor-container elementor-column-gap-default\">\n\t\t\t\t\t<div class=\"elementor-column elementor-col-100 elementor-top-column elementor-element elementor-element-5ea8732\" data-id=\"5ea8732\" data-element_type=\"column\" data-e-type=\"column\">\n\t\t\t<div class=\"elementor-widget-wrap elementor-element-populated\">\n\t\t\t\t\t\t<div class=\"elementor-element elementor-element-902a6fc heading1 elementor-widget elementor-widget-heading\" data-id=\"902a6fc\" data-element_type=\"widget\" data-e-type=\"widget\" data-widget_type=\"heading.default\">\n\t\t\t\t<div class=\"elementor-widget-container\">\n\t\t\t\t\t<h1 class=\"elementor-heading-title elementor-size-default\">Popt\u00e1vka cateringu<\/h1>\t\t\t\t<\/div>\n\t\t\t\t<\/div>\n\t\t\t\t<div class=\"elementor-element elementor-element-9fd4f73 elementor-widget-divider--view-line elementor-widget elementor-widget-divider\" data-id=\"9fd4f73\" data-element_type=\"widget\" data-e-type=\"widget\" data-widget_type=\"divider.default\">\n\t\t\t\t<div class=\"elementor-widget-container\">\n\t\t\t\t\t\t\t<div class=\"elementor-divider\">\n\t\t\t<span class=\"elementor-divider-separator\">\n\t\t\t\t\t\t<\/span>\n\t\t<\/div>\n\t\t\t\t\t\t<\/div>\n\t\t\t\t<\/div>\n\t\t\t\t<div class=\"elementor-element elementor-element-f5c07dc elementor-widget elementor-widget-spacer\" data-id=\"f5c07dc\" data-element_type=\"widget\" data-e-type=\"widget\" data-widget_type=\"spacer.default\">\n\t\t\t\t<div class=\"elementor-widget-container\">\n\t\t\t\t\t\t\t<div class=\"elementor-spacer\">\n\t\t\t<div class=\"elementor-spacer-inner\"><\/div>\n\t\t<\/div>\n\t\t\t\t\t\t<\/div>\n\t\t\t\t<\/div>\n\t\t\t\t<div class=\"elementor-element elementor-element-1cab9de elementor-widget__width-initial elementor-widget elementor-widget-text-editor\" data-id=\"1cab9de\" data-element_type=\"widget\" data-e-type=\"widget\" data-widget_type=\"text-editor.default\">\n\t\t\t\t<div class=\"elementor-widget-container\">\n\t\t\t\t\t\t\t\t\t<p>Po\u0159\u00e1d\u00e1te u n\u00e1s nebo v okol\u00ed firemn\u00ed nebo soukromou akci?\u00a0<\/p><p>Pro akce po\u0159\u00e1dan\u00e9 v kongresov\u00e9m centru Floret poskytujeme full service catering. U soukrom\u00fdch akc\u00ed\u00a0 V\u00e1m r\u00e1di pom\u016f\u017eeme s p\u0159\u00edpravou ob\u010derstven\u00ed, ale je t\u0159eba si zajistit vlastn\u00ed dopravu, invent\u00e1\u0159 a obsluhu.\u00a0<\/p><p>Kontaktujte n\u00e1s prost\u0159ednictv\u00edm formul\u00e1\u0159e.\u00a0Ozveme se V\u00e1m zp\u011bt a p\u0159iprav\u00edme V\u00e1m nab\u00eddku na m\u00edru. M\u016f\u017eete n\u00e1m tak\u00e9 zavolat na \u010d\u00edslo\u00a0<span style=\"font-weight: bold;\">(+420) 733 588 211\u00a0<\/span>nebo poslat e-mail na\u00a0<span style=\"font-weight: bold;\">restaurace@floret.cz<\/span>.<\/p>\t\t\t\t\t\t\t\t<\/div>\n\t\t\t\t<\/div>\n\t\t\t\t\t<\/div>\n\t\t<\/div>\n\t\t\t\t\t<\/div>\n\t\t<\/section>\n\t\t\t\t<section class=\"elementor-section elementor-top-section elementor-element elementor-element-cfdca24 elementor-section-stretched elementor-section-boxed elementor-section-height-default elementor-section-height-default\" data-id=\"cfdca24\" data-element_type=\"section\" data-e-type=\"section\" data-settings=\"{&quot;stretch_section&quot;:&quot;section-stretched&quot;,&quot;background_background&quot;:&quot;classic&quot;}\">\n\t\t\t\t\t\t<div class=\"elementor-container elementor-column-gap-default\">\n\t\t\t\t\t<div class=\"elementor-column elementor-col-100 elementor-top-column elementor-element elementor-element-f03a80c\" data-id=\"f03a80c\" data-element_type=\"column\" data-e-type=\"column\">\n\t\t\t<div class=\"elementor-widget-wrap elementor-element-populated\">\n\t\t\t\t\t\t<div class=\"elementor-element elementor-element-70eb2b9 elementor-widget elementor-widget-shortcode\" data-id=\"70eb2b9\" data-element_type=\"widget\" data-e-type=\"widget\" data-widget_type=\"shortcode.default\">\n\t\t\t\t<div class=\"elementor-widget-container\">\n\t\t\t\t\t\t\t<div class=\"elementor-shortcode\">\n<div class=\"wpcf7 no-js\" id=\"wpcf7-f1598-o1\" lang=\"cs-CZ\" dir=\"ltr\" data-wpcf7-id=\"1598\">\n<div class=\"screen-reader-response\"><p role=\"status\" aria-live=\"polite\" aria-atomic=\"true\"><\/p> <ul><\/ul><\/div>\n<form action=\"\/en\/wp-json\/wp\/v2\/pages\/1562#wpcf7-f1598-o1\" method=\"post\" class=\"wpcf7-form init\" aria-label=\"Kontaktn\u00ed formul\u00e1\u0159\" novalidate=\"novalidate\" data-status=\"init\" data-trp-original-action=\"\/en\/wp-json\/wp\/v2\/pages\/1562#wpcf7-f1598-o1\">\n<fieldset class=\"hidden-fields-container\"><input type=\"hidden\" name=\"_wpcf7\" value=\"1598\" \/><input type=\"hidden\" name=\"_wpcf7_version\" value=\"6.1.5\" \/><input type=\"hidden\" name=\"_wpcf7_locale\" value=\"cs_CZ\" \/><input type=\"hidden\" name=\"_wpcf7_unit_tag\" value=\"wpcf7-f1598-o1\" \/><input type=\"hidden\" name=\"_wpcf7_container_post\" value=\"0\" \/><input type=\"hidden\" name=\"_wpcf7_posted_data_hash\" value=\"\" \/><input type=\"hidden\" name=\"_wpcf7_recaptcha_response\" value=\"\" \/>\n<\/fieldset>\n<div class=\"container formPoptavka\">\n\t<div class=\"row formSekce\">\n\t\t<h2> Z\u00e1kladn\u00ed informace:\n\t\t<\/h2>\n\t\t<p><label>Den rezervace (povinn\u00e9):<br \/>\n<span class=\"wpcf7-form-control-wrap\" data-name=\"datum-rezervace\"><input class=\"wpcf7-form-control wpcf7-date wpcf7-validates-as-required wpcf7-validates-as-date formDate\" min=\"2026-04-28\" aria-required=\"true\" aria-invalid=\"false\" value=\"\" type=\"date\" name=\"datum-rezervace\" \/><\/span><\/label><br \/>\n<label>od:<br \/>\n<span class=\"wpcf7-form-control-wrap\" data-name=\"hodina-od\"><input class=\"wpcf7-form-control wpcf7-number wpcf7-validates-as-required wpcf7-validates-as-number\" aria-required=\"true\" aria-invalid=\"false\" value=\"\" type=\"number\" name=\"hodina-od\" \/><\/span> hodin<\/label><br \/>\n<label>do:<br \/>\n<span class=\"wpcf7-form-control-wrap\" data-name=\"hodina-do\"><input class=\"wpcf7-form-control wpcf7-number wpcf7-validates-as-required wpcf7-validates-as-number\" aria-required=\"true\" aria-invalid=\"false\" value=\"\" type=\"number\" name=\"hodina-do\" \/><\/span> hodin<\/label><br \/>\n<label>Po\u010det host\u016f:<br \/>\n<span class=\"wpcf7-form-control-wrap\" data-name=\"pocet-hostu\"><input class=\"wpcf7-form-control wpcf7-number wpcf7-validates-as-required wpcf7-validates-as-number\" step=\"1\" aria-required=\"true\" aria-invalid=\"false\" value=\"0\" type=\"number\" name=\"pocet-hostu\" \/><\/span><\/label><br \/>\n<label>Typ platby:<br \/>\n<span class=\"wpcf7-form-control-wrap\" data-name=\"payment-type\"><select class=\"wpcf7-form-control wpcf7-select formSelect\" aria-invalid=\"false\" name=\"payment-type\"><option value=\"na fakturu\">na fakturu<\/option><option value=\"kartou\">kartou<\/option><option value=\"v hotovosti\">v hotovosti<\/option><\/select><\/span> <\/label><br \/>\n<label>Po\u017eadavky:<br \/>\n<span class=\"wpcf7-form-control-wrap\" data-name=\"requirements-box\"><textarea cols=\"40\" rows=\"10\" maxlength=\"2000\" class=\"wpcf7-form-control wpcf7-textarea\" aria-invalid=\"false\" placeholder=\"Zde m\u00e1te prostor pro detailn\u011bj\u0161\u00ed popis Va\u0161ich p\u0159edstav a po\u017eadavk\u016f.\" name=\"requirements-box\"><\/textarea><\/span> <\/label>\n\t\t<\/p>\n\t<\/div>\n\t<div class=\"row formSekce\">\n\t\t<h2> Kontaktn\u00ed \u00fadaje:\n\t\t<\/h2>\n\t\t<p><label> Jm\u00e9no a p\u0159\u00edjmen\u00ed (povinn\u00e9):<br \/>\n<span class=\"wpcf7-form-control-wrap\" data-name=\"your-name\"><input size=\"40\" maxlength=\"400\" class=\"wpcf7-form-control wpcf7-text wpcf7-validates-as-required\" aria-required=\"true\" aria-invalid=\"false\" value=\"\" type=\"text\" name=\"your-name\" \/><\/span> <\/label><br \/>\n<label> Firma:<br \/>\n<span class=\"wpcf7-form-control-wrap\" data-name=\"your-company\"><input size=\"40\" maxlength=\"400\" class=\"wpcf7-form-control wpcf7-text\" aria-invalid=\"false\" value=\"\" type=\"text\" name=\"your-company\" \/><\/span> <\/label><br \/>\n<label> E-mail (povinn\u00e9):<br \/>\n<span class=\"wpcf7-form-control-wrap\" data-name=\"your-email\"><input size=\"40\" maxlength=\"400\" class=\"wpcf7-form-control wpcf7-email wpcf7-validates-as-required wpcf7-text wpcf7-validates-as-email\" aria-required=\"true\" aria-invalid=\"false\" value=\"\" type=\"email\" name=\"your-email\" \/><\/span> <\/label><br \/>\n<label> Telefon (povinn\u00e9):<br \/>\n<span class=\"wpcf7-form-control-wrap\" data-name=\"your-phone-number\"><input size=\"40\" maxlength=\"400\" class=\"wpcf7-form-control wpcf7-tel wpcf7-validates-as-required wpcf7-text wpcf7-validates-as-tel\" aria-required=\"true\" aria-invalid=\"false\" value=\"\" type=\"tel\" name=\"your-phone-number\" \/><\/span> <\/label>\n\t\t<\/p>\n\t<\/div>\n\t<div class=\"row\">\n\t\t<div class=\"col-md-4\">\n\t\t\t<p><input class=\"wpcf7-form-control wpcf7-submit has-spinner formButton\" type=\"submit\" value=\"Odeslat popt\u00e1vku\" \/>\n\t\t\t<\/p>\n\t\t<\/div>\n\t<\/div>\n<\/div><div class=\"wpcf7-response-output\" aria-hidden=\"true\"><\/div>\n<input type=\"hidden\" name=\"trp-form-language\" value=\"en\"\/><\/form>\n<\/div>\n<\/div>\n\t\t\t\t\t\t<\/div>\n\t\t\t\t<\/div>\n\t\t\t\t\t<\/div>\n\t\t<\/div>\n\t\t\t\t\t<\/div>\n\t\t<\/section>\n\t\t\t\t<\/div>","protected":false},"excerpt":{"rendered":"<p>Popt\u00e1vka cateringu Po\u0159\u00e1d\u00e1te u n\u00e1s nebo v okol\u00ed firemn\u00ed nebo soukromou akci?\u00a0 Pro akce po\u0159\u00e1dan\u00e9 v kongresov\u00e9m centru Floret poskytujeme [&hellip;]<\/p>\n","protected":false},"author":1,"featured_media":0,"parent":0,"menu_order":0,"comment_status":"closed","ping_status":"closed","template":"page-templates\/page_front-page.php","meta":{"inline_featured_image":false,"footnotes":""},"class_list":["post-1562","page","type-page","status-publish","hentry"],"_links":{"self":[{"href":"https:\/\/floret.cz\/en\/wp-json\/wp\/v2\/pages\/1562","targetHints":{"allow":["GET"]}}],"collection":[{"href":"https:\/\/floret.cz\/en\/wp-json\/wp\/v2\/pages"}],"about":[{"href":"https:\/\/floret.cz\/en\/wp-json\/wp\/v2\/types\/page"}],"author":[{"embeddable":true,"href":"https:\/\/floret.cz\/en\/wp-json\/wp\/v2\/users\/1"}],"replies":[{"embeddable":true,"href":"https:\/\/floret.cz\/en\/wp-json\/wp\/v2\/comments?post=1562"}],"version-history":[{"count":30,"href":"https:\/\/floret.cz\/en\/wp-json\/wp\/v2\/pages\/1562\/revisions"}],"predecessor-version":[{"id":3561,"href":"https:\/\/floret.cz\/en\/wp-json\/wp\/v2\/pages\/1562\/revisions\/3561"}],"wp:attachment":[{"href":"https:\/\/floret.cz\/en\/wp-json\/wp\/v2\/media?parent=1562"}],"curies":[{"name":"wp","href":"https:\/\/api.w.org\/{rel}","templated":true}]}}