{"id":1507,"date":"2020-08-20T21:34:50","date_gmt":"2020-08-20T19:34:50","guid":{"rendered":"http:\/\/127.0.0.1\/floret\/?page_id=1507"},"modified":"2026-04-24T18:16:36","modified_gmt":"2026-04-24T16:16:36","slug":"poptavka-ubytovani","status":"publish","type":"page","link":"https:\/\/floret.cz\/en\/poptavka-ubytovani\/","title":{"rendered":"Popt\u00e1vka ubytov\u00e1n\u00ed"},"content":{"rendered":"<div data-elementor-type=\"wp-page\" data-elementor-id=\"1507\" class=\"elementor elementor-1507\">\n\t\t\t\t\t\t<section class=\"elementor-section elementor-top-section elementor-element elementor-element-fc97768 elementor-section-content-middle elementor-section-boxed elementor-section-height-default elementor-section-height-default\" data-id=\"fc97768\" data-element_type=\"section\" data-e-type=\"section\">\n\t\t\t\t\t\t<div class=\"elementor-container elementor-column-gap-default\">\n\t\t\t\t\t<div class=\"elementor-column elementor-col-100 elementor-top-column elementor-element elementor-element-5ea8732\" data-id=\"5ea8732\" data-element_type=\"column\" data-e-type=\"column\">\n\t\t\t<div class=\"elementor-widget-wrap elementor-element-populated\">\n\t\t\t\t\t\t<div class=\"elementor-element elementor-element-902a6fc heading1 elementor-widget elementor-widget-heading\" data-id=\"902a6fc\" data-element_type=\"widget\" data-e-type=\"widget\" data-widget_type=\"heading.default\">\n\t\t\t\t<div class=\"elementor-widget-container\">\n\t\t\t\t\t<h1 class=\"elementor-heading-title elementor-size-default\">Popt\u00e1vka ubytov\u00e1n\u00ed<\/h1>\t\t\t\t<\/div>\n\t\t\t\t<\/div>\n\t\t\t\t<div class=\"elementor-element elementor-element-9fd4f73 elementor-widget-divider--view-line elementor-widget elementor-widget-divider\" data-id=\"9fd4f73\" data-element_type=\"widget\" data-e-type=\"widget\" data-widget_type=\"divider.default\">\n\t\t\t\t<div class=\"elementor-widget-container\">\n\t\t\t\t\t\t\t<div class=\"elementor-divider\">\n\t\t\t<span class=\"elementor-divider-separator\">\n\t\t\t\t\t\t<\/span>\n\t\t<\/div>\n\t\t\t\t\t\t<\/div>\n\t\t\t\t<\/div>\n\t\t\t\t<div class=\"elementor-element elementor-element-f5c07dc elementor-widget elementor-widget-spacer\" data-id=\"f5c07dc\" data-element_type=\"widget\" data-e-type=\"widget\" data-widget_type=\"spacer.default\">\n\t\t\t\t<div class=\"elementor-widget-container\">\n\t\t\t\t\t\t\t<div class=\"elementor-spacer\">\n\t\t\t<div class=\"elementor-spacer-inner\"><\/div>\n\t\t<\/div>\n\t\t\t\t\t\t<\/div>\n\t\t\t\t<\/div>\n\t\t\t\t<div class=\"elementor-element elementor-element-1cab9de elementor-widget__width-initial elementor-widget elementor-widget-text-editor\" data-id=\"1cab9de\" data-element_type=\"widget\" data-e-type=\"widget\" data-widget_type=\"text-editor.default\">\n\t\t\t\t<div class=\"elementor-widget-container\">\n\t\t\t\t\t\t\t\t\t<p>Hled\u00e1te ubytov\u00e1n\u00ed pro pracovn\u00ed cestu nebo rodinnou dovolenou?<\/p><p>Kontaktujte n\u00e1s prost\u0159ednictv\u00edm formul\u00e1\u0159e n\u00ed\u017ee, e-mailem na <strong>recepce@floret.cz<\/strong> nebo zavolejte p\u0159\u00edmo na \u010d\u00edslo\u00a0<b>(+420) 731 139 500<\/b>. Co nejd\u0159\u00edve prov\u011b\u0159\u00edme volnou kapacitu a n\u00e1sledn\u011b V\u00e1m rezervaci potvrd\u00edme e-mailem nebo telefonicky.\u00a0<\/p><p>T\u011b\u0161\u00edme se na V\u00e1s!<\/p>\t\t\t\t\t\t\t\t<\/div>\n\t\t\t\t<\/div>\n\t\t\t\t\t<\/div>\n\t\t<\/div>\n\t\t\t\t\t<\/div>\n\t\t<\/section>\n\t\t\t\t<section class=\"elementor-section elementor-top-section elementor-element elementor-element-cfdca24 elementor-section-stretched elementor-section-boxed elementor-section-height-default elementor-section-height-default\" data-id=\"cfdca24\" data-element_type=\"section\" data-e-type=\"section\" data-settings=\"{&quot;stretch_section&quot;:&quot;section-stretched&quot;,&quot;background_background&quot;:&quot;classic&quot;}\">\n\t\t\t\t\t\t<div class=\"elementor-container elementor-column-gap-default\">\n\t\t\t\t\t<div class=\"elementor-column elementor-col-100 elementor-top-column elementor-element elementor-element-f03a80c\" data-id=\"f03a80c\" data-element_type=\"column\" data-e-type=\"column\">\n\t\t\t<div class=\"elementor-widget-wrap elementor-element-populated\">\n\t\t\t\t\t\t<div class=\"elementor-element elementor-element-70eb2b9 elementor-widget elementor-widget-shortcode\" data-id=\"70eb2b9\" data-element_type=\"widget\" data-e-type=\"widget\" data-widget_type=\"shortcode.default\">\n\t\t\t\t<div class=\"elementor-widget-container\">\n\t\t\t\t\t\t\t<div class=\"elementor-shortcode\">\n<div class=\"wpcf7 no-js\" id=\"wpcf7-f1587-o1\" lang=\"cs-CZ\" dir=\"ltr\" data-wpcf7-id=\"1587\">\n<div class=\"screen-reader-response\"><p role=\"status\" aria-live=\"polite\" aria-atomic=\"true\"><\/p> <ul><\/ul><\/div>\n<form action=\"\/en\/wp-json\/wp\/v2\/pages\/1507#wpcf7-f1587-o1\" method=\"post\" class=\"wpcf7-form init\" aria-label=\"Kontaktn\u00ed formul\u00e1\u0159\" novalidate=\"novalidate\" data-status=\"init\" data-trp-original-action=\"\/en\/wp-json\/wp\/v2\/pages\/1507#wpcf7-f1587-o1\">\n<fieldset class=\"hidden-fields-container\"><input type=\"hidden\" name=\"_wpcf7\" value=\"1587\" \/><input type=\"hidden\" name=\"_wpcf7_version\" value=\"6.1.5\" \/><input type=\"hidden\" name=\"_wpcf7_locale\" value=\"cs_CZ\" \/><input type=\"hidden\" name=\"_wpcf7_unit_tag\" value=\"wpcf7-f1587-o1\" \/><input type=\"hidden\" name=\"_wpcf7_container_post\" value=\"0\" \/><input type=\"hidden\" name=\"_wpcf7_posted_data_hash\" value=\"\" \/><input type=\"hidden\" name=\"_wpcf7_recaptcha_response\" value=\"\" \/>\n<\/fieldset>\n<div class=\"container formPoptavka\">\n\t<div class=\"row formSekce\">\n\t\t<h2> Z\u00e1kladn\u00ed informace:\n\t\t<\/h2>\n\t\t<p><label>Datum pobytu (povinn\u00e9):<br \/>\nod: <span class=\"wpcf7-form-control-wrap\" data-name=\"date-start\"><input class=\"wpcf7-form-control wpcf7-date wpcf7-validates-as-required wpcf7-validates-as-date formDate\" min=\"2026-04-27\" aria-required=\"true\" aria-invalid=\"false\" value=\"\" type=\"date\" name=\"date-start\" \/><\/span><\/label><br \/>\n<label><br \/>\ndo: <span class=\"wpcf7-form-control-wrap\" data-name=\"date-end\"><input class=\"wpcf7-form-control wpcf7-date wpcf7-validates-as-required wpcf7-validates-as-date formDate\" min=\"2026-04-28\" aria-required=\"true\" aria-invalid=\"false\" value=\"\" type=\"date\" name=\"date-end\" \/><\/span><\/label><br \/>\n<label>Po\u017eadovan\u00fd typ ubytov\u00e1n\u00ed* (povinn\u00e9):<br \/>\n<span class=\"wpcf7-form-control-wrap\" data-name=\"pocet-jednoluzkovych\"><input class=\"wpcf7-form-control wpcf7-number wpcf7-validates-as-required wpcf7-validates-as-number required\" step=\"1\" aria-required=\"true\" aria-invalid=\"false\" value=\"0\" type=\"number\" name=\"pocet-jednoluzkovych\" \/><\/span> jednol\u016f\u017ekov\u00fdch pokoj\u016f <\/label><br \/>\n<label><br \/>\n<span class=\"wpcf7-form-control-wrap\" data-name=\"pocet-dvouluzkovych\"><input class=\"wpcf7-form-control wpcf7-number wpcf7-validates-as-required wpcf7-validates-as-number required\" step=\"1\" aria-required=\"true\" aria-invalid=\"false\" value=\"0\" type=\"number\" name=\"pocet-dvouluzkovych\" \/><\/span> dvoul\u016f\u017ekov\u00fdch pokoj\u016f<\/label><br \/>\n<label><br \/>\n<span class=\"wpcf7-form-control-wrap\" data-name=\"pocet-triluzkovych\"><input class=\"wpcf7-form-control wpcf7-number wpcf7-validates-as-required wpcf7-validates-as-number required\" step=\"1\" aria-required=\"true\" aria-invalid=\"false\" value=\"0\" type=\"number\" name=\"pocet-triluzkovych\" \/><\/span> t\u0159\u00edl\u016f\u017ekov\u00fdch pokoj\u016f<\/label>\n\t\t<\/p>\n\t<\/div>\n\t<div class=\"doplnujiciInformace\" style=\"margin-bottom: 24px\">\n\t\t<p>*maxim\u00e1ln\u00ed kapacita je 44 pokoj\u016f (88 l\u016f\u017eek + 19 p\u0159ist\u00fdlek)\n\t\t<\/p>\n\t<\/div>\n\t<p><label>Typ platby (povinn\u00e9):<br \/>\n<span class=\"wpcf7-form-control-wrap\" data-name=\"payment-type\"><select class=\"wpcf7-form-control wpcf7-select wpcf7-validates-as-required formSelect\" aria-required=\"true\" aria-invalid=\"false\" name=\"payment-type\"><option value=\"na fakturu\">na fakturu<\/option><option value=\"kartou\">kartou<\/option><option value=\"v hotovosti\">v hotovosti<\/option><\/select><\/span> <\/label><br \/>\n<label>Dal\u0161\u00ed po\u017eadavky:<br \/>\n<span class=\"wpcf7-form-control-wrap\" data-name=\"requirements-box\"><textarea cols=\"40\" rows=\"10\" maxlength=\"2000\" class=\"wpcf7-form-control wpcf7-textarea\" aria-invalid=\"false\" placeholder=\"(brzk\u00fd p\u0159\u00edjezd, pozd\u011bj\u0161\u00ed odjezd, ubytov\u00e1n\u00ed bez sn\u00eddan\u011b, zv\u00ed\u0159e na pokoji, ...)\" name=\"requirements-box\"><\/textarea><\/span> <\/label>\n\t<\/p>\n<\/div>\n<div class=\"row formSekce\">\n\t<h2> Kontaktn\u00ed \u00fadaje:\n\t<\/h2>\n\t<p><label> Jm\u00e9no a p\u0159\u00edjmen\u00ed (povinn\u00e9):<br \/>\n<span class=\"wpcf7-form-control-wrap\" data-name=\"your-name\"><input size=\"40\" maxlength=\"400\" class=\"wpcf7-form-control wpcf7-text wpcf7-validates-as-required\" aria-required=\"true\" aria-invalid=\"false\" value=\"\" type=\"text\" name=\"your-name\" \/><\/span> <\/label><br \/>\n<label> Firma:<br \/>\n<span class=\"wpcf7-form-control-wrap\" data-name=\"your-company\"><input size=\"40\" maxlength=\"400\" class=\"wpcf7-form-control wpcf7-text\" aria-invalid=\"false\" value=\"\" type=\"text\" name=\"your-company\" \/><\/span> <\/label><br \/>\n<label> E-mail (povinn\u00e9):<br \/>\n<span class=\"wpcf7-form-control-wrap\" data-name=\"your-email\"><input size=\"40\" maxlength=\"400\" class=\"wpcf7-form-control wpcf7-email wpcf7-validates-as-required wpcf7-text wpcf7-validates-as-email\" aria-required=\"true\" aria-invalid=\"false\" value=\"\" type=\"email\" name=\"your-email\" \/><\/span> <\/label><br \/>\n<label> Telefon (povinn\u00e9):<br \/>\n<span class=\"wpcf7-form-control-wrap\" data-name=\"your-phone-number\"><input size=\"40\" maxlength=\"400\" class=\"wpcf7-form-control wpcf7-tel wpcf7-validates-as-required wpcf7-text wpcf7-validates-as-tel\" aria-required=\"true\" aria-invalid=\"false\" value=\"\" type=\"tel\" name=\"your-phone-number\" \/><\/span> <\/label>\n\t<\/p>\n<\/div>\n<div class=\"row\">\n\t<div class=\"col-md-4\">\n\t\t<p><input class=\"wpcf7-form-control wpcf7-submit has-spinner formButton\" type=\"submit\" value=\"Odeslat popt\u00e1vku\" \/>\n\t\t<\/p>\n\t<\/div>\n<\/div>\n<div class=\"row doplnujiciInformace\">\n\t<div class=\"col-md-6\">\n\t\t<p>Objednan\u00e9 ubytov\u00e1n\u00ed rezervujeme v den p\u0159\u00edjezdu do 18:00. Po p\u0159edchoz\u00ed dohod\u011b je mo\u017en\u00e9 domluvit pozd\u011bj\u0161\u00ed \u010das p\u0159\u00edjezdu.\n\t\t<\/p>\n\t<\/div>\n<\/div>\n\n<div class=\"wpcf7-response-output\" aria-hidden=\"true\"><\/div>\n<input type=\"hidden\" name=\"trp-form-language\" value=\"en\"\/><\/form>\n<\/div>\n<\/div>\n\t\t\t\t\t\t<\/div>\n\t\t\t\t<\/div>\n\t\t\t\t\t<\/div>\n\t\t<\/div>\n\t\t\t\t\t<\/div>\n\t\t<\/section>\n\t\t\t\t<\/div>","protected":false},"excerpt":{"rendered":"<p>Popt\u00e1vka ubytov\u00e1n\u00ed Hled\u00e1te ubytov\u00e1n\u00ed pro pracovn\u00ed cestu nebo rodinnou dovolenou? Kontaktujte n\u00e1s prost\u0159ednictv\u00edm formul\u00e1\u0159e n\u00ed\u017ee, e-mailem na recepce@floret.cz nebo zavolejte [&hellip;]<\/p>\n","protected":false},"author":1,"featured_media":0,"parent":0,"menu_order":0,"comment_status":"closed","ping_status":"closed","template":"page-templates\/page_front-page.php","meta":{"inline_featured_image":false,"footnotes":""},"class_list":["post-1507","page","type-page","status-publish","hentry"],"_links":{"self":[{"href":"https:\/\/floret.cz\/en\/wp-json\/wp\/v2\/pages\/1507","targetHints":{"allow":["GET"]}}],"collection":[{"href":"https:\/\/floret.cz\/en\/wp-json\/wp\/v2\/pages"}],"about":[{"href":"https:\/\/floret.cz\/en\/wp-json\/wp\/v2\/types\/page"}],"author":[{"embeddable":true,"href":"https:\/\/floret.cz\/en\/wp-json\/wp\/v2\/users\/1"}],"replies":[{"embeddable":true,"href":"https:\/\/floret.cz\/en\/wp-json\/wp\/v2\/comments?post=1507"}],"version-history":[{"count":13,"href":"https:\/\/floret.cz\/en\/wp-json\/wp\/v2\/pages\/1507\/revisions"}],"predecessor-version":[{"id":3528,"href":"https:\/\/floret.cz\/en\/wp-json\/wp\/v2\/pages\/1507\/revisions\/3528"}],"wp:attachment":[{"href":"https:\/\/floret.cz\/en\/wp-json\/wp\/v2\/media?parent=1507"}],"curies":[{"name":"wp","href":"https:\/\/api.w.org\/{rel}","templated":true}]}}