{"id":1373,"date":"2020-08-18T11:32:58","date_gmt":"2020-08-18T09:32:58","guid":{"rendered":"http:\/\/127.0.0.1\/floret\/?page_id=1373"},"modified":"2025-01-09T23:16:03","modified_gmt":"2025-01-09T21:16:03","slug":"ochrana-osobnich-udaju","status":"publish","type":"page","link":"https:\/\/floret.cz\/en\/ochrana-osobnich-udaju\/","title":{"rendered":"Ochrana osobn\u00edch \u00fadaj\u016f"},"content":{"rendered":"<div data-elementor-type=\"wp-page\" data-elementor-id=\"1373\" class=\"elementor elementor-1373\">\n\t\t\t\t\t\t<section class=\"elementor-section elementor-top-section elementor-element elementor-element-0335785 elementor-section-content-middle elementor-section-boxed elementor-section-height-default elementor-section-height-default\" data-id=\"0335785\" data-element_type=\"section\" data-e-type=\"section\">\n\t\t\t\t\t\t<div class=\"elementor-container elementor-column-gap-default\">\n\t\t\t\t\t<div class=\"elementor-column elementor-col-100 elementor-top-column elementor-element elementor-element-cdb1b57\" data-id=\"cdb1b57\" data-element_type=\"column\" data-e-type=\"column\">\n\t\t\t<div class=\"elementor-widget-wrap elementor-element-populated\">\n\t\t\t\t\t\t<div class=\"elementor-element elementor-element-adb230c heading1 elementor-widget elementor-widget-heading\" data-id=\"adb230c\" data-element_type=\"widget\" data-e-type=\"widget\" data-widget_type=\"heading.default\">\n\t\t\t\t<div class=\"elementor-widget-container\">\n\t\t\t\t\t<h1 class=\"elementor-heading-title elementor-size-default\">Ochranna osobn\u00edch \u00fadaj\u016f<\/h1>\t\t\t\t<\/div>\n\t\t\t\t<\/div>\n\t\t\t\t<div class=\"elementor-element elementor-element-d3d1b96 elementor-widget-divider--view-line elementor-widget elementor-widget-divider\" data-id=\"d3d1b96\" data-element_type=\"widget\" data-e-type=\"widget\" data-widget_type=\"divider.default\">\n\t\t\t\t<div class=\"elementor-widget-container\">\n\t\t\t\t\t\t\t<div class=\"elementor-divider\">\n\t\t\t<span class=\"elementor-divider-separator\">\n\t\t\t\t\t\t<\/span>\n\t\t<\/div>\n\t\t\t\t\t\t<\/div>\n\t\t\t\t<\/div>\n\t\t\t\t<div class=\"elementor-element elementor-element-13637ed elementor-widget elementor-widget-spacer\" data-id=\"13637ed\" data-element_type=\"widget\" data-e-type=\"widget\" data-widget_type=\"spacer.default\">\n\t\t\t\t<div class=\"elementor-widget-container\">\n\t\t\t\t\t\t\t<div class=\"elementor-spacer\">\n\t\t\t<div class=\"elementor-spacer-inner\"><\/div>\n\t\t<\/div>\n\t\t\t\t\t\t<\/div>\n\t\t\t\t<\/div>\n\t\t\t\t\t<\/div>\n\t\t<\/div>\n\t\t\t\t\t<\/div>\n\t\t<\/section>\n\t\t\t\t<section class=\"elementor-section elementor-top-section elementor-element elementor-element-e1e3544 elementor-section-boxed elementor-section-height-default elementor-section-height-default\" data-id=\"e1e3544\" data-element_type=\"section\" data-e-type=\"section\">\n\t\t\t\t\t\t<div class=\"elementor-container elementor-column-gap-default\">\n\t\t\t\t\t<div class=\"elementor-column elementor-col-100 elementor-top-column elementor-element elementor-element-7750303\" data-id=\"7750303\" data-element_type=\"column\" data-e-type=\"column\">\n\t\t\t<div class=\"elementor-widget-wrap elementor-element-populated\">\n\t\t\t\t\t\t<div class=\"elementor-element elementor-element-1a00e36 elementor-widget elementor-widget-text-editor\" data-id=\"1a00e36\" data-element_type=\"widget\" data-e-type=\"widget\" data-widget_type=\"text-editor.default\">\n\t\t\t\t<div class=\"elementor-widget-container\">\n\t\t\t\t\t\t\t\t\t<p>V\u00fdzkumn\u00fd \u00fastav pro krajinu, v.v.i. se s\u00eddlem Kv\u011btnov\u00e9 n\u00e1m\u011bst\u00ed 391, 252 43 Pr\u016fhonice, I\u010c: 00027073, resp. jeho pracovi\u0161t\u011b Kongresov\u00e9 centrum Floret, zpracov\u00e1v\u00e1 v&nbsp;p\u0159\u00edpad\u011b va\u0161\u00ed popt\u00e1vky slu\u017eeb n\u00e1sleduj\u00edc\u00ed osobn\u00ed \u00fadaje:<\/p>\n<ul>\n<li>firemn\u00ed akce \u2013 jm\u00e9no a p\u0159\u00edjmen\u00ed, firmu, e-mailovou adresu, telefon<\/li>\n<li>soukrom\u00e9 akce \u2013 jm\u00e9no a p\u0159\u00edjmen\u00ed, e-mailovou adresu, telefon<\/li>\n<li>v p\u0159\u00edpad\u011b ubytov\u00e1n\u00ed \u2013 jm\u00e9no a p\u0159\u00edjmen\u00ed, adresu, \u010d\u00edslo ob\u010dansk\u00e9ho pr\u016fkazu \u010di pasu, telefon<\/li>\n<\/ul>\n<p>Jm\u00e9no, p\u0159\u00edjmen\u00ed, n\u00e1zev firmy, adresu s\u00eddla, e-mailovou adresu, telefon je nutn\u00e9 zpracovat pro vytvo\u0159en\u00ed nab\u00eddky slu\u017eeb nebo pro odpov\u011b\u010f. Tyto osobn\u00ed \u00fadaje budou zpracov\u00e1v\u00e1ny po dobu jedn\u00e1n\u00ed o uzav\u0159en\u00ed objedn\u00e1vky \u010di smlouvy, nejd\u00e9le 2 roky od popt\u00e1vky, pokud neud\u011bl\u00edte souhlas k&nbsp;dal\u0161\u00edmu zpracov\u00e1n\u00ed.<br>V&nbsp;p\u0159\u00edpad\u011b ubytov\u00e1n\u00ed jsou jm\u00e9no a p\u0159\u00edjmen\u00ed, adresa, \u010d\u00edslo ob\u010dansk\u00e9ho pr\u016fkazu \u010di pasu, telefon zpracov\u00e1v\u00e1ny 2 roky.<\/p>\n<p>M\u00e1te pr\u00e1vo:<\/p>\n<ul>\n<li>po\u017eadovat informaci, jak\u00e9 va\u0161e osobn\u00ed \u00fadaje zpracov\u00e1v\u00e1me<\/li>\n<li>vy\u017e\u00e1dat si p\u0159\u00edstup k t\u011bmto \u00fadaj\u016fm a tyto nechat aktualizovat nebo opravit<\/li>\n<li>po\u017eadovat v\u00fdmaz va\u0161ich osobn\u00edch \u00fadaj\u016f<\/li>\n<li>v p\u0159\u00edpad\u011b pochybnost\u00ed o dodr\u017eov\u00e1n\u00ed povinnost\u00ed souvisej\u00edc\u00edch se zpracov\u00e1n\u00edm osobn\u00edch \u00fadaj\u016f se m\u016f\u017eete obr\u00e1tit na n\u00e1s nebo na \u00da\u0159ad pro ochranu osobn\u00edch \u00fadaj\u016f<\/li>\n<\/ul>\n<p>\u017d\u00e1dost t\u00fdkaj\u00edc\u00ed se ochrany osobn\u00edch \u00fadaj\u016f<br>M\u00e1te-li po\u017eadavek v&nbsp;souvislosti s&nbsp;ochranou va\u0161ich osobn\u00edch \u00fadaj\u016f, kontaktujte n\u00e1s prost\u0159ednictv\u00edm e-mailu: kcp@floret.cz. Ka\u017ed\u00fd po\u017eadavek bude posouzen z&nbsp;hlediska po\u017eadovan\u00fdch informac\u00ed a zodpov\u011bzen po\u017eadovanou formou.<\/p>\n<p><\/p>\n<p><strong>Cookies<\/strong><\/p>\n<p>Na na\u0161ich webov\u00fdch str\u00e1nk\u00e1ch zpracov\u00e1v\u00e1me cookies. Jedn\u00e1 o se o jednoduch\u00e9 textov\u00e9 soubory, ulo\u017een\u00e9 ve va\u0161em prohl\u00ed\u017ee\u010di. Existuje n\u011bkolik druh\u016f cookies, kter\u00e9 slou\u017e\u00ed k r\u016fzn\u00fdm \u00fa\u010del\u016fm. My na na\u0161i str\u00e1nk\u00e1ch vyu\u017e\u00edv\u00e1me technick\u00e1 a funk\u010dn\u00ed cookies.<\/p>\n<p>Bez technick\u00fdch cookies by web nemusel spr\u00e1vn\u011b pracovat a funk\u010dn\u00ed cookies V\u00e1m usnad\u0148uj\u00ed proch\u00e1zen\u00ed t\u011bchto str\u00e1nek &#8211; jedn\u00e1 nap\u0159. o ulo\u017een\u00ed preference o skryt\u00ed li\u0161ty s upozorn\u011bn\u00edm aj.<\/p>\n<p>P\u0159i proch\u00e1zen\u00ed webov\u00fdch str\u00e1nek se zaznamen\u00e1v\u00e1 tak\u00e9 va\u0161e IP adresa, jak dlouho se na str\u00e1nce zdr\u017e\u00edte a ze kter\u00e9 str\u00e1nky p\u0159ich\u00e1z\u00edte. Pou\u017e\u00edv\u00e1n\u00ed soubor\u016f cookie pro m\u011b\u0159en\u00ed n\u00e1v\u0161t\u011bvnosti webu a p\u0159izp\u016fsoben\u00ed zobrazen\u00ed webov\u00fdch str\u00e1nek vn\u00edm\u00e1me jako opr\u00e1vn\u011bn\u00fd z\u00e1jem spr\u00e1vce.<br><\/p>\n<p>Tyto \u00fadaje v\u0161ak zpracov\u00e1v\u00e1me anonymn\u011b a nelze je tak p\u0159i\u0159adit p\u0159\u00edmo k v\u00e1m jako\u017eto ke konkr\u00e9tn\u00ed osob\u011b.<\/p>\n<p>Pokud i p\u0159esto nesouhlas\u00edte s ukl\u00e1d\u00e1n\u00edm cookies, m\u016f\u017eete ve sv\u00e9m webov\u00e9m prohl\u00ed\u017ee\u010di tuto mo\u017enost zak\u00e1zat.&nbsp;<\/p>\t\t\t\t\t\t\t\t<\/div>\n\t\t\t\t<\/div>\n\t\t\t\t\t<\/div>\n\t\t<\/div>\n\t\t\t\t\t<\/div>\n\t\t<\/section>\n\t\t\t\t<\/div>","protected":false},"excerpt":{"rendered":"<p>Ochranna osobn\u00edch \u00fadaj\u016f V\u00fdzkumn\u00fd \u00fastav pro krajinu, v.v.i. se s\u00eddlem Kv\u011btnov\u00e9 n\u00e1m\u011bst\u00ed 391, 252 43 Pr\u016fhonice, I\u010c: 00027073, resp. jeho [&hellip;]<\/p>\n","protected":false},"author":1,"featured_media":0,"parent":0,"menu_order":0,"comment_status":"closed","ping_status":"closed","template":"page-templates\/page_fullwidth.php","meta":{"inline_featured_image":false,"footnotes":""},"class_list":["post-1373","page","type-page","status-publish","hentry"],"_links":{"self":[{"href":"https:\/\/floret.cz\/en\/wp-json\/wp\/v2\/pages\/1373","targetHints":{"allow":["GET"]}}],"collection":[{"href":"https:\/\/floret.cz\/en\/wp-json\/wp\/v2\/pages"}],"about":[{"href":"https:\/\/floret.cz\/en\/wp-json\/wp\/v2\/types\/page"}],"author":[{"embeddable":true,"href":"https:\/\/floret.cz\/en\/wp-json\/wp\/v2\/users\/1"}],"replies":[{"embeddable":true,"href":"https:\/\/floret.cz\/en\/wp-json\/wp\/v2\/comments?post=1373"}],"version-history":[{"count":8,"href":"https:\/\/floret.cz\/en\/wp-json\/wp\/v2\/pages\/1373\/revisions"}],"predecessor-version":[{"id":3241,"href":"https:\/\/floret.cz\/en\/wp-json\/wp\/v2\/pages\/1373\/revisions\/3241"}],"wp:attachment":[{"href":"https:\/\/floret.cz\/en\/wp-json\/wp\/v2\/media?parent=1373"}],"curies":[{"name":"wp","href":"https:\/\/api.w.org\/{rel}","templated":true}]}}